{"id":544,"date":"2023-08-16T10:29:20","date_gmt":"2023-08-16T17:29:20","guid":{"rendered":"https:\/\/amcm.ind.br\/en\/?page_id=544"},"modified":"2023-08-16T10:35:29","modified_gmt":"2023-08-16T17:35:29","slug":"environmental-policy-amcm-leather-company","status":"publish","type":"page","link":"https:\/\/amcm.ind.br\/en\/environmental-policy-amcm-leather-company\/","title":{"rendered":"Environmental Policy &#8211; AMCM Leather Company"},"content":{"rendered":"\t\t<div data-elementor-type=\"wp-page\" data-elementor-id=\"544\" class=\"elementor elementor-544\">\n\t\t\t\t\t\t<section class=\"elementor-section elementor-top-section elementor-element elementor-element-077c2a5 elementor-section-boxed elementor-section-height-default elementor-section-height-default\" data-id=\"077c2a5\" data-element_type=\"section\">\n\t\t\t\t\t\t<div class=\"elementor-container elementor-column-gap-default\">\n\t\t\t\t\t<div class=\"elementor-column elementor-col-100 elementor-top-column elementor-element elementor-element-8cea7f7\" data-id=\"8cea7f7\" data-element_type=\"column\">\n\t\t\t<div class=\"elementor-widget-wrap elementor-element-populated\">\n\t\t\t\t\t\t<div class=\"elementor-element elementor-element-bc468b6 elementor-widget elementor-widget-spacer\" data-id=\"bc468b6\" data-element_type=\"widget\" data-widget_type=\"spacer.default\">\n\t\t\t\t<div class=\"elementor-widget-container\">\n\t\t\t\t\t\t\t<div class=\"elementor-spacer\">\n\t\t\t<div class=\"elementor-spacer-inner\"><\/div>\n\t\t<\/div>\n\t\t\t\t\t\t<\/div>\n\t\t\t\t<\/div>\n\t\t\t\t<div class=\"elementor-element elementor-element-2f1adf5 elementor-widget elementor-widget-heading\" data-id=\"2f1adf5\" data-element_type=\"widget\" data-widget_type=\"heading.default\">\n\t\t\t\t<div class=\"elementor-widget-container\">\n\t\t\t\t\t<h1 class=\"elementor-heading-title elementor-size-default\">Environmental Policy - AMCM Leather Company<\/h1>\t\t\t\t<\/div>\n\t\t\t\t<\/div>\n\t\t\t\t<div class=\"elementor-element elementor-element-4e70f5d elementor-widget elementor-widget-spacer\" data-id=\"4e70f5d\" data-element_type=\"widget\" data-widget_type=\"spacer.default\">\n\t\t\t\t<div class=\"elementor-widget-container\">\n\t\t\t\t\t\t\t<div class=\"elementor-spacer\">\n\t\t\t<div class=\"elementor-spacer-inner\"><\/div>\n\t\t<\/div>\n\t\t\t\t\t\t<\/div>\n\t\t\t\t<\/div>\n\t\t\t\t<div class=\"elementor-element elementor-element-cdedc5f elementor-widget elementor-widget-text-editor\" data-id=\"cdedc5f\" data-element_type=\"widget\" data-widget_type=\"text-editor.default\">\n\t\t\t\t<div class=\"elementor-widget-container\">\n\t\t\t\t\t\t\t\t\t<p style=\"text-align: center;\"><em>AMCM Ind\u00fastria, Com\u00e9rcio, Importa\u00e7\u00e3o, Exporta\u00e7\u00e3o e Servi\u00e7os T\u00e9cnicos Ltda.<\/em><br \/><em>Updated April 2023<\/em><\/p><p>Our main objective is to ensure the quality of our products through correct and responsible processes that respect legal requirements, constantly seeking sustainable development and improving the use of natural resources.<\/p><p>We have established environmental targets for the consumption of electricity, firewood, water and atmospheric emissions, which are reviewed periodically.<\/p><p>We have a liquid waste treatment plant on the company premises, which meets the requirements of the competent bodies and the effluent parameters are monitored daily.<\/p><p>We have drawn up a policy for restricted substances, which establishes and monitors the maximum levels present in our products. This practice is extended to our suppliers through a form and certificates attesting to compliance with the policy.<\/p><p>Finally, we have a traceability control system for the origin of each leather produced in the company, establishing the necessary monitoring.<\/p><p><strong>C\u00edcero Marchini &#8211; Director<\/strong><\/p>\t\t\t\t\t\t\t\t<\/div>\n\t\t\t\t<\/div>\n\t\t\t\t<div class=\"elementor-element elementor-element-fa945b8 elementor-widget elementor-widget-image\" data-id=\"fa945b8\" data-element_type=\"widget\" data-widget_type=\"image.default\">\n\t\t\t\t<div class=\"elementor-widget-container\">\n\t\t\t\t\t\t\t\t\t\t\t\t\t\t\t<img fetchpriority=\"high\" decoding=\"async\" width=\"1024\" height=\"406\" src=\"https:\/\/amcm.ind.br\/en\/wp-content\/uploads\/2023\/08\/politica-ambiental-amcm-leather-1024x406.jpg\" class=\"attachment-large size-large wp-image-545\" alt=\"Environmental Policy - AMCM Leather Company\" srcset=\"https:\/\/amcm.ind.br\/en\/wp-content\/uploads\/2023\/08\/politica-ambiental-amcm-leather-1024x406.jpg 1024w, https:\/\/amcm.ind.br\/en\/wp-content\/uploads\/2023\/08\/politica-ambiental-amcm-leather-300x119.jpg 300w, https:\/\/amcm.ind.br\/en\/wp-content\/uploads\/2023\/08\/politica-ambiental-amcm-leather-768x305.jpg 768w, https:\/\/amcm.ind.br\/en\/wp-content\/uploads\/2023\/08\/politica-ambiental-amcm-leather-1536x610.jpg 1536w, https:\/\/amcm.ind.br\/en\/wp-content\/uploads\/2023\/08\/politica-ambiental-amcm-leather.jpg 1920w\" sizes=\"(max-width: 1024px) 100vw, 1024px\" \/>\t\t\t\t\t\t\t\t\t\t\t\t\t\t\t<\/div>\n\t\t\t\t<\/div>\n\t\t\t\t\t<\/div>\n\t\t<\/div>\n\t\t\t\t\t<\/div>\n\t\t<\/section>\n\t\t\t\t<\/div>\n\t\t","protected":false},"excerpt":{"rendered":"<p>Environmental Policy &#8211; AMCM Leather Company AMCM Ind\u00fastria, Com\u00e9rcio, Importa\u00e7\u00e3o, Exporta\u00e7\u00e3o e Servi\u00e7os T\u00e9cnicos Ltda. Updated April 2023 Our main objective is to ensure the quality of our products through correct and responsible processes that respect legal requirements, constantly seeking sustainable development and improving the use of natural resources. We have established environmental targets for [&hellip;]<\/p>\n","protected":false},"author":1,"featured_media":545,"parent":0,"menu_order":0,"comment_status":"closed","ping_status":"closed","template":"elementor_canvas","meta":{"footnotes":""},"class_list":["post-544","page","type-page","status-publish","has-post-thumbnail","hentry","entry","has-media"],"yoast_head":"<!-- This site is optimized with the Yoast SEO plugin v25.3.1 - https:\/\/yoast.com\/wordpress\/plugins\/seo\/ -->\n<title>Environmental Policy - AMCM Leather Company<\/title>\n<meta name=\"description\" content=\"The main objective of the Environmental Policy is to ensure the quality of our products through correct and responsible processes.\" \/>\n<meta name=\"robots\" content=\"index, follow, max-snippet:-1, max-image-preview:large, max-video-preview:-1\" \/>\n<link rel=\"canonical\" href=\"https:\/\/amcm.ind.br\/en\/environmental-policy-amcm-leather-company\/\" \/>\n<meta property=\"og:locale\" content=\"en_US\" \/>\n<meta property=\"og:type\" content=\"article\" \/>\n<meta property=\"og:title\" content=\"Environmental Policy - AMCM Leather Company\" \/>\n<meta property=\"og:description\" content=\"The main objective of the Environmental Policy is to ensure the quality of our products through correct and responsible processes.\" \/>\n<meta property=\"og:url\" content=\"https:\/\/amcm.ind.br\/en\/environmental-policy-amcm-leather-company\/\" \/>\n<meta property=\"og:site_name\" content=\"AMCM\" \/>\n<meta property=\"article:modified_time\" content=\"2023-08-16T17:35:29+00:00\" \/>\n<meta property=\"og:image\" content=\"https:\/\/amcm.ind.br\/en\/wp-content\/uploads\/2023\/08\/politica-ambiental-amcm-leather.jpg\" \/>\n\t<meta property=\"og:image:width\" content=\"1920\" \/>\n\t<meta property=\"og:image:height\" content=\"762\" \/>\n\t<meta property=\"og:image:type\" content=\"image\/jpeg\" \/>\n<meta name=\"twitter:card\" content=\"summary_large_image\" \/>\n<meta name=\"twitter:label1\" content=\"Est. reading time\" \/>\n\t<meta name=\"twitter:data1\" content=\"1 minute\" \/>\n<script type=\"application\/ld+json\" class=\"yoast-schema-graph\">{\"@context\":\"https:\/\/schema.org\",\"@graph\":[{\"@type\":\"WebPage\",\"@id\":\"https:\/\/amcm.ind.br\/en\/environmental-policy-amcm-leather-company\/\",\"url\":\"https:\/\/amcm.ind.br\/en\/environmental-policy-amcm-leather-company\/\",\"name\":\"Environmental Policy - AMCM Leather Company\",\"isPartOf\":{\"@id\":\"https:\/\/amcm.ind.br\/en\/#website\"},\"primaryImageOfPage\":{\"@id\":\"https:\/\/amcm.ind.br\/en\/environmental-policy-amcm-leather-company\/#primaryimage\"},\"image\":{\"@id\":\"https:\/\/amcm.ind.br\/en\/environmental-policy-amcm-leather-company\/#primaryimage\"},\"thumbnailUrl\":\"https:\/\/amcm.ind.br\/en\/wp-content\/uploads\/2023\/08\/politica-ambiental-amcm-leather.jpg\",\"datePublished\":\"2023-08-16T17:29:20+00:00\",\"dateModified\":\"2023-08-16T17:35:29+00:00\",\"description\":\"The main objective of the Environmental Policy is to ensure the quality of our products through correct and responsible processes.\",\"breadcrumb\":{\"@id\":\"https:\/\/amcm.ind.br\/en\/environmental-policy-amcm-leather-company\/#breadcrumb\"},\"inLanguage\":\"en-US\",\"potentialAction\":[{\"@type\":\"ReadAction\",\"target\":[\"https:\/\/amcm.ind.br\/en\/environmental-policy-amcm-leather-company\/\"]}]},{\"@type\":\"ImageObject\",\"inLanguage\":\"en-US\",\"@id\":\"https:\/\/amcm.ind.br\/en\/environmental-policy-amcm-leather-company\/#primaryimage\",\"url\":\"https:\/\/amcm.ind.br\/en\/wp-content\/uploads\/2023\/08\/politica-ambiental-amcm-leather.jpg\",\"contentUrl\":\"https:\/\/amcm.ind.br\/en\/wp-content\/uploads\/2023\/08\/politica-ambiental-amcm-leather.jpg\",\"width\":1920,\"height\":762,\"caption\":\"Environmental Policy - AMCM Leather Company\"},{\"@type\":\"BreadcrumbList\",\"@id\":\"https:\/\/amcm.ind.br\/en\/environmental-policy-amcm-leather-company\/#breadcrumb\",\"itemListElement\":[{\"@type\":\"ListItem\",\"position\":1,\"name\":\"Home\",\"item\":\"https:\/\/amcm.ind.br\/en\/\"},{\"@type\":\"ListItem\",\"position\":2,\"name\":\"Environmental Policy &#8211; AMCM Leather Company\"}]},{\"@type\":\"WebSite\",\"@id\":\"https:\/\/amcm.ind.br\/en\/#website\",\"url\":\"https:\/\/amcm.ind.br\/en\/\",\"name\":\"AMCM Leahter Company\",\"description\":\"Leather for shoes, bags, upholstery and clothing \",\"publisher\":{\"@id\":\"https:\/\/amcm.ind.br\/en\/#organization\"},\"potentialAction\":[{\"@type\":\"SearchAction\",\"target\":{\"@type\":\"EntryPoint\",\"urlTemplate\":\"https:\/\/amcm.ind.br\/en\/?s={search_term_string}\"},\"query-input\":{\"@type\":\"PropertyValueSpecification\",\"valueRequired\":true,\"valueName\":\"search_term_string\"}}],\"inLanguage\":\"en-US\"},{\"@type\":\"Organization\",\"@id\":\"https:\/\/amcm.ind.br\/en\/#organization\",\"name\":\"AMCM Leahter Company\",\"url\":\"https:\/\/amcm.ind.br\/en\/\",\"logo\":{\"@type\":\"ImageObject\",\"inLanguage\":\"en-US\",\"@id\":\"https:\/\/amcm.ind.br\/en\/#\/schema\/logo\/image\/\",\"url\":\"https:\/\/amcm.ind.br\/en\/wp-content\/uploads\/2023\/02\/amcm-leather-company.png\",\"contentUrl\":\"https:\/\/amcm.ind.br\/en\/wp-content\/uploads\/2023\/02\/amcm-leather-company.png\",\"width\":305,\"height\":115,\"caption\":\"AMCM Leahter Company\"},\"image\":{\"@id\":\"https:\/\/amcm.ind.br\/en\/#\/schema\/logo\/image\/\"},\"sameAs\":[\"https:\/\/www.instagram.com\/amcmleather\/\",\"https:\/\/www.linkedin.com\/company\/amcm-leather-company\"]}]}<\/script>\n<!-- \/ Yoast SEO plugin. -->","yoast_head_json":{"title":"Environmental Policy - AMCM Leather Company","description":"The main objective of the Environmental Policy is to ensure the quality of our products through correct and responsible processes.","robots":{"index":"index","follow":"follow","max-snippet":"max-snippet:-1","max-image-preview":"max-image-preview:large","max-video-preview":"max-video-preview:-1"},"canonical":"https:\/\/amcm.ind.br\/en\/environmental-policy-amcm-leather-company\/","og_locale":"en_US","og_type":"article","og_title":"Environmental Policy - AMCM Leather Company","og_description":"The main objective of the Environmental Policy is to ensure the quality of our products through correct and responsible processes.","og_url":"https:\/\/amcm.ind.br\/en\/environmental-policy-amcm-leather-company\/","og_site_name":"AMCM","article_modified_time":"2023-08-16T17:35:29+00:00","og_image":[{"width":1920,"height":762,"url":"https:\/\/amcm.ind.br\/en\/wp-content\/uploads\/2023\/08\/politica-ambiental-amcm-leather.jpg","type":"image\/jpeg"}],"twitter_card":"summary_large_image","twitter_misc":{"Est. reading time":"1 minute"},"schema":{"@context":"https:\/\/schema.org","@graph":[{"@type":"WebPage","@id":"https:\/\/amcm.ind.br\/en\/environmental-policy-amcm-leather-company\/","url":"https:\/\/amcm.ind.br\/en\/environmental-policy-amcm-leather-company\/","name":"Environmental Policy - AMCM Leather Company","isPartOf":{"@id":"https:\/\/amcm.ind.br\/en\/#website"},"primaryImageOfPage":{"@id":"https:\/\/amcm.ind.br\/en\/environmental-policy-amcm-leather-company\/#primaryimage"},"image":{"@id":"https:\/\/amcm.ind.br\/en\/environmental-policy-amcm-leather-company\/#primaryimage"},"thumbnailUrl":"https:\/\/amcm.ind.br\/en\/wp-content\/uploads\/2023\/08\/politica-ambiental-amcm-leather.jpg","datePublished":"2023-08-16T17:29:20+00:00","dateModified":"2023-08-16T17:35:29+00:00","description":"The main objective of the Environmental Policy is to ensure the quality of our products through correct and responsible processes.","breadcrumb":{"@id":"https:\/\/amcm.ind.br\/en\/environmental-policy-amcm-leather-company\/#breadcrumb"},"inLanguage":"en-US","potentialAction":[{"@type":"ReadAction","target":["https:\/\/amcm.ind.br\/en\/environmental-policy-amcm-leather-company\/"]}]},{"@type":"ImageObject","inLanguage":"en-US","@id":"https:\/\/amcm.ind.br\/en\/environmental-policy-amcm-leather-company\/#primaryimage","url":"https:\/\/amcm.ind.br\/en\/wp-content\/uploads\/2023\/08\/politica-ambiental-amcm-leather.jpg","contentUrl":"https:\/\/amcm.ind.br\/en\/wp-content\/uploads\/2023\/08\/politica-ambiental-amcm-leather.jpg","width":1920,"height":762,"caption":"Environmental Policy - AMCM Leather Company"},{"@type":"BreadcrumbList","@id":"https:\/\/amcm.ind.br\/en\/environmental-policy-amcm-leather-company\/#breadcrumb","itemListElement":[{"@type":"ListItem","position":1,"name":"Home","item":"https:\/\/amcm.ind.br\/en\/"},{"@type":"ListItem","position":2,"name":"Environmental Policy &#8211; AMCM Leather Company"}]},{"@type":"WebSite","@id":"https:\/\/amcm.ind.br\/en\/#website","url":"https:\/\/amcm.ind.br\/en\/","name":"AMCM Leahter Company","description":"Leather for shoes, bags, upholstery and clothing ","publisher":{"@id":"https:\/\/amcm.ind.br\/en\/#organization"},"potentialAction":[{"@type":"SearchAction","target":{"@type":"EntryPoint","urlTemplate":"https:\/\/amcm.ind.br\/en\/?s={search_term_string}"},"query-input":{"@type":"PropertyValueSpecification","valueRequired":true,"valueName":"search_term_string"}}],"inLanguage":"en-US"},{"@type":"Organization","@id":"https:\/\/amcm.ind.br\/en\/#organization","name":"AMCM Leahter Company","url":"https:\/\/amcm.ind.br\/en\/","logo":{"@type":"ImageObject","inLanguage":"en-US","@id":"https:\/\/amcm.ind.br\/en\/#\/schema\/logo\/image\/","url":"https:\/\/amcm.ind.br\/en\/wp-content\/uploads\/2023\/02\/amcm-leather-company.png","contentUrl":"https:\/\/amcm.ind.br\/en\/wp-content\/uploads\/2023\/02\/amcm-leather-company.png","width":305,"height":115,"caption":"AMCM Leahter Company"},"image":{"@id":"https:\/\/amcm.ind.br\/en\/#\/schema\/logo\/image\/"},"sameAs":["https:\/\/www.instagram.com\/amcmleather\/","https:\/\/www.linkedin.com\/company\/amcm-leather-company"]}]}},"_links":{"self":[{"href":"https:\/\/amcm.ind.br\/en\/wp-json\/wp\/v2\/pages\/544","targetHints":{"allow":["GET"]}}],"collection":[{"href":"https:\/\/amcm.ind.br\/en\/wp-json\/wp\/v2\/pages"}],"about":[{"href":"https:\/\/amcm.ind.br\/en\/wp-json\/wp\/v2\/types\/page"}],"author":[{"embeddable":true,"href":"https:\/\/amcm.ind.br\/en\/wp-json\/wp\/v2\/users\/1"}],"replies":[{"embeddable":true,"href":"https:\/\/amcm.ind.br\/en\/wp-json\/wp\/v2\/comments?post=544"}],"version-history":[{"count":5,"href":"https:\/\/amcm.ind.br\/en\/wp-json\/wp\/v2\/pages\/544\/revisions"}],"predecessor-version":[{"id":550,"href":"https:\/\/amcm.ind.br\/en\/wp-json\/wp\/v2\/pages\/544\/revisions\/550"}],"wp:featuredmedia":[{"embeddable":true,"href":"https:\/\/amcm.ind.br\/en\/wp-json\/wp\/v2\/media\/545"}],"wp:attachment":[{"href":"https:\/\/amcm.ind.br\/en\/wp-json\/wp\/v2\/media?parent=544"}],"curies":[{"name":"wp","href":"https:\/\/api.w.org\/{rel}","templated":true}]}}